{"id":2497,"date":"2022-03-20T13:40:57","date_gmt":"2022-03-20T13:40:57","guid":{"rendered":"https:\/\/newcognito.com\/about\/"},"modified":"2022-09-14T06:07:16","modified_gmt":"2022-09-14T06:07:16","slug":"about","status":"publish","type":"page","link":"https:\/\/newcognito.com\/pt-pt\/about\/","title":{"rendered":"Sobre a New Cognito"},"content":{"rendered":"","protected":false},"excerpt":{"rendered":"","protected":false},"author":1,"featured_media":0,"parent":0,"menu_order":0,"comment_status":"closed","ping_status":"closed","template":"flexible.php","meta":{"inline_featured_image":false},"acf":[],"yoast_head":"<!-- This site is optimized with the Yoast SEO plugin v19.1 - https:\/\/yoast.com\/wordpress\/plugins\/seo\/ -->\n<title>Sobre a New Cognito &ndash; New Cognito<\/title>\n<meta name=\"description\" content=\"Buscamos oportunidades para mudar o futuro, estabelecendo parcerias que criam conex\u00f5es, ensinam, influenciam e impulsionam na\u00e7\u00f5es, trazendo mudan\u00e7as positivas para os cidad\u00e3os, organiza\u00e7\u00f5es e na\u00e7\u00f5es inteiras. Contacte-nos\u00bb\" \/>\n<meta name=\"robots\" content=\"index, follow, max-snippet:-1, max-image-preview:large, max-video-preview:-1\" \/>\n<link rel=\"canonical\" href=\"https:\/\/newcognito.com\/pt-pt\/about\/\" \/>\n<meta property=\"og:locale\" content=\"pt_PT\" \/>\n<meta property=\"og:type\" content=\"article\" \/>\n<meta property=\"og:title\" content=\"Sobre a New Cognito &ndash; New Cognito\" \/>\n<meta property=\"og:description\" content=\"Buscamos oportunidades para mudar o futuro, estabelecendo parcerias que criam conex\u00f5es, ensinam, influenciam e impulsionam na\u00e7\u00f5es, trazendo mudan\u00e7as positivas para os cidad\u00e3os, organiza\u00e7\u00f5es e na\u00e7\u00f5es inteiras. Contacte-nos\u00bb\" \/>\n<meta property=\"og:url\" content=\"https:\/\/newcognito.com\/pt-pt\/about\/\" \/>\n<meta property=\"og:site_name\" content=\"New Cognito\" \/>\n<meta property=\"article:modified_time\" content=\"2022-09-14T06:07:16+00:00\" \/>\n<meta name=\"twitter:card\" content=\"summary_large_image\" \/>\n<script type=\"application\/ld+json\" class=\"yoast-schema-graph\">{\"@context\":\"https:\/\/schema.org\",\"@graph\":[{\"@type\":\"WebSite\",\"@id\":\"https:\/\/newcognito.com\/#website\",\"url\":\"https:\/\/newcognito.com\/\",\"name\":\"New Cognito\",\"description\":\"The Best At Making It Better\",\"potentialAction\":[{\"@type\":\"SearchAction\",\"target\":{\"@type\":\"EntryPoint\",\"urlTemplate\":\"https:\/\/newcognito.com\/?s={search_term_string}\"},\"query-input\":\"required name=search_term_string\"}],\"inLanguage\":\"pt-PT\"},{\"@type\":\"WebPage\",\"@id\":\"https:\/\/newcognito.com\/pt-pt\/about\/#webpage\",\"url\":\"https:\/\/newcognito.com\/pt-pt\/about\/\",\"name\":\"Sobre a New Cognito &ndash; New Cognito\",\"isPartOf\":{\"@id\":\"https:\/\/newcognito.com\/#website\"},\"datePublished\":\"2022-03-20T13:40:57+00:00\",\"dateModified\":\"2022-09-14T06:07:16+00:00\",\"description\":\"Buscamos oportunidades para mudar o futuro, estabelecendo parcerias que criam conex\u00f5es, ensinam, influenciam e impulsionam na\u00e7\u00f5es, trazendo mudan\u00e7as positivas para os cidad\u00e3os, organiza\u00e7\u00f5es e na\u00e7\u00f5es inteiras. Contacte-nos\u00bb\",\"breadcrumb\":{\"@id\":\"https:\/\/newcognito.com\/pt-pt\/about\/#breadcrumb\"},\"inLanguage\":\"pt-PT\",\"potentialAction\":[{\"@type\":\"ReadAction\",\"target\":[\"https:\/\/newcognito.com\/pt-pt\/about\/\"]}]},{\"@type\":\"BreadcrumbList\",\"@id\":\"https:\/\/newcognito.com\/pt-pt\/about\/#breadcrumb\",\"itemListElement\":[{\"@type\":\"ListItem\",\"position\":1,\"name\":\"Home\",\"item\":\"https:\/\/newcognito.com\/pt-pt\/\"},{\"@type\":\"ListItem\",\"position\":2,\"name\":\"Sobre a New Cognito\"}]}]}<\/script>\n<!-- \/ Yoast SEO plugin. -->","yoast_head_json":{"title":"Sobre a New Cognito &ndash; New Cognito","description":"Buscamos oportunidades para mudar o futuro, estabelecendo parcerias que criam conex\u00f5es, ensinam, influenciam e impulsionam na\u00e7\u00f5es, trazendo mudan\u00e7as positivas para os cidad\u00e3os, organiza\u00e7\u00f5es e na\u00e7\u00f5es inteiras. Contacte-nos\u00bb","robots":{"index":"index","follow":"follow","max-snippet":"max-snippet:-1","max-image-preview":"max-image-preview:large","max-video-preview":"max-video-preview:-1"},"canonical":"https:\/\/newcognito.com\/pt-pt\/about\/","og_locale":"pt_PT","og_type":"article","og_title":"Sobre a New Cognito &ndash; New Cognito","og_description":"Buscamos oportunidades para mudar o futuro, estabelecendo parcerias que criam conex\u00f5es, ensinam, influenciam e impulsionam na\u00e7\u00f5es, trazendo mudan\u00e7as positivas para os cidad\u00e3os, organiza\u00e7\u00f5es e na\u00e7\u00f5es inteiras. Contacte-nos\u00bb","og_url":"https:\/\/newcognito.com\/pt-pt\/about\/","og_site_name":"New Cognito","article_modified_time":"2022-09-14T06:07:16+00:00","twitter_card":"summary_large_image","schema":{"@context":"https:\/\/schema.org","@graph":[{"@type":"WebSite","@id":"https:\/\/newcognito.com\/#website","url":"https:\/\/newcognito.com\/","name":"New Cognito","description":"The Best At Making It Better","potentialAction":[{"@type":"SearchAction","target":{"@type":"EntryPoint","urlTemplate":"https:\/\/newcognito.com\/?s={search_term_string}"},"query-input":"required name=search_term_string"}],"inLanguage":"pt-PT"},{"@type":"WebPage","@id":"https:\/\/newcognito.com\/pt-pt\/about\/#webpage","url":"https:\/\/newcognito.com\/pt-pt\/about\/","name":"Sobre a New Cognito &ndash; New Cognito","isPartOf":{"@id":"https:\/\/newcognito.com\/#website"},"datePublished":"2022-03-20T13:40:57+00:00","dateModified":"2022-09-14T06:07:16+00:00","description":"Buscamos oportunidades para mudar o futuro, estabelecendo parcerias que criam conex\u00f5es, ensinam, influenciam e impulsionam na\u00e7\u00f5es, trazendo mudan\u00e7as positivas para os cidad\u00e3os, organiza\u00e7\u00f5es e na\u00e7\u00f5es inteiras. Contacte-nos\u00bb","breadcrumb":{"@id":"https:\/\/newcognito.com\/pt-pt\/about\/#breadcrumb"},"inLanguage":"pt-PT","potentialAction":[{"@type":"ReadAction","target":["https:\/\/newcognito.com\/pt-pt\/about\/"]}]},{"@type":"BreadcrumbList","@id":"https:\/\/newcognito.com\/pt-pt\/about\/#breadcrumb","itemListElement":[{"@type":"ListItem","position":1,"name":"Home","item":"https:\/\/newcognito.com\/pt-pt\/"},{"@type":"ListItem","position":2,"name":"Sobre a New Cognito"}]}]}},"_links":{"self":[{"href":"https:\/\/newcognito.com\/pt-pt\/wp-json\/wp\/v2\/pages\/2497"}],"collection":[{"href":"https:\/\/newcognito.com\/pt-pt\/wp-json\/wp\/v2\/pages"}],"about":[{"href":"https:\/\/newcognito.com\/pt-pt\/wp-json\/wp\/v2\/types\/page"}],"author":[{"embeddable":true,"href":"https:\/\/newcognito.com\/pt-pt\/wp-json\/wp\/v2\/users\/1"}],"replies":[{"embeddable":true,"href":"https:\/\/newcognito.com\/pt-pt\/wp-json\/wp\/v2\/comments?post=2497"}],"version-history":[{"count":6,"href":"https:\/\/newcognito.com\/pt-pt\/wp-json\/wp\/v2\/pages\/2497\/revisions"}],"predecessor-version":[{"id":2726,"href":"https:\/\/newcognito.com\/pt-pt\/wp-json\/wp\/v2\/pages\/2497\/revisions\/2726"}],"wp:attachment":[{"href":"https:\/\/newcognito.com\/pt-pt\/wp-json\/wp\/v2\/media?parent=2497"}],"curies":[{"name":"wp","href":"https:\/\/api.w.org\/{rel}","templated":true}]}}